{"id":457,"date":"2016-11-28T09:52:27","date_gmt":"2016-11-28T08:52:27","guid":{"rendered":"http:\/\/jocher.muwit.net\/startseite\/?lang=it"},"modified":"2024-08-28T17:54:39","modified_gmt":"2024-08-28T15:54:39","slug":"home","status":"publish","type":"page","link":"https:\/\/www.sport-jocher.com\/it\/","title":{"rendered":"Home"},"content":{"rendered":"<h2><\/h2>\n<h2>Benvenuti<\/h2>\n<p>Benvenuti da<a title=\"Sport Jocher auf der Plose\" href=\"https:\/\/www.sport-jocher.com\/it\/sport-jocher\/\"> Intersport Sport Jocher<\/a> sulla Plose, la montagna per tutti gli amanti di sport invernali. Intersport Sport Jocher sulla Plose offrono tutto ci\u00f2 che uno sportivo possa desiderare. Gli amanti degli sport invernali troveranno tutto il necessario da Intersport Sport Jocher sulla Plose \u2013 il negozio di sport per tutti e per tutte le esigenze! Intersport Sport Jocher sulla Plose \u2013 la migliore consulenza nei negozi di sport a conduzione familiare!<\/p>\n","protected":false},"excerpt":{"rendered":"<p>Benvenuti Benvenuti da Intersport Sport Jocher sulla Plose, la montagna per tutti gli amanti di sport invernali. Intersport Sport Jocher sulla Plose offrono tutto ci\u00f2 che<span class=\"excerpt-hellip\"> [\u2026]<\/span><\/p>\n","protected":false},"author":1,"featured_media":0,"parent":0,"menu_order":0,"comment_status":"closed","ping_status":"closed","template":"","meta":{"_mi_skip_tracking":false},"yoast_head":"<!-- This site is optimized with the Yoast SEO plugin v19.6.1 - https:\/\/yoast.com\/wordpress\/plugins\/seo\/ -->\n<title>Intersport Sport Jocher sulla Plose \u2013 I negozi di articoli sportivi<\/title>\n<meta name=\"description\" content=\"Fit &amp; Fun a Bressanone, Alto Adige. Intersport Sport Jocher sulla Plose offre tutto ci\u00f2 che rende unico l\u2019inverno!\" \/>\n<meta name=\"robots\" content=\"index, follow, max-snippet:-1, max-image-preview:large, max-video-preview:-1\" \/>\n<link rel=\"canonical\" href=\"https:\/\/www.sport-jocher.com\/it\/\" \/>\n<meta property=\"og:locale\" content=\"it_IT\" \/>\n<meta property=\"og:type\" content=\"article\" \/>\n<meta property=\"og:title\" content=\"Intersport Sport Jocher sulla Plose \u2013 I negozi di articoli sportivi\" \/>\n<meta property=\"og:description\" content=\"Fit &amp; Fun a Bressanone, Alto Adige. Intersport Sport Jocher sulla Plose offre tutto ci\u00f2 che rende unico l\u2019inverno!\" \/>\n<meta property=\"og:url\" content=\"https:\/\/www.sport-jocher.com\/it\/\" \/>\n<meta property=\"og:site_name\" content=\"Jocher\" \/>\n<meta property=\"article:publisher\" content=\"https:\/\/www.facebook.com\/intersportplose\/\" \/>\n<meta property=\"article:modified_time\" content=\"2024-08-28T15:54:39+00:00\" \/>\n<meta name=\"twitter:card\" content=\"summary\" \/>\n<meta name=\"twitter:label1\" content=\"Tempo di lettura stimato\" \/>\n\t<meta name=\"twitter:data1\" content=\"1 minuto\" \/>\n<script type=\"application\/ld+json\" class=\"yoast-schema-graph\">{\"@context\":\"https:\/\/schema.org\",\"@graph\":[{\"@type\":\"WebPage\",\"@id\":\"https:\/\/www.sport-jocher.com\/it\/\",\"url\":\"https:\/\/www.sport-jocher.com\/it\/\",\"name\":\"Intersport Sport Jocher sulla Plose \u2013 I negozi di articoli sportivi\",\"isPartOf\":{\"@id\":\"https:\/\/www.sport-jocher.com\/#website\"},\"datePublished\":\"2016-11-28T08:52:27+00:00\",\"dateModified\":\"2024-08-28T15:54:39+00:00\",\"description\":\"Fit & Fun a Bressanone, Alto Adige. Intersport Sport Jocher sulla Plose offre tutto ci\u00f2 che rende unico l\u2019inverno!\",\"breadcrumb\":{\"@id\":\"https:\/\/www.sport-jocher.com\/it\/#breadcrumb\"},\"inLanguage\":\"it-IT\",\"potentialAction\":[{\"@type\":\"ReadAction\",\"target\":[\"https:\/\/www.sport-jocher.com\/it\/\"]}]},{\"@type\":\"BreadcrumbList\",\"@id\":\"https:\/\/www.sport-jocher.com\/it\/#breadcrumb\",\"itemListElement\":[{\"@type\":\"ListItem\",\"position\":1,\"name\":\"Startseite\",\"item\":\"https:\/\/www.sport-jocher.com\/it\/\"},{\"@type\":\"ListItem\",\"position\":2,\"name\":\"Home\"}]},{\"@type\":\"WebSite\",\"@id\":\"https:\/\/www.sport-jocher.com\/#website\",\"url\":\"https:\/\/www.sport-jocher.com\/\",\"name\":\"Jocher\",\"description\":\" Ihr Fachgesch\u00e4ft f\u00fcr  Sportausr\u00fcstung, -bekleidung und -zubeh\u00f6r. Direkt auf der Plose an der Talstation der Seilbahn.\",\"potentialAction\":[{\"@type\":\"SearchAction\",\"target\":{\"@type\":\"EntryPoint\",\"urlTemplate\":\"https:\/\/www.sport-jocher.com\/?s={search_term_string}\"},\"query-input\":\"required name=search_term_string\"}],\"inLanguage\":\"it-IT\"}]}<\/script>\n<!-- \/ Yoast SEO plugin. -->","yoast_head_json":{"title":"Intersport Sport Jocher sulla Plose \u2013 I negozi di articoli sportivi","description":"Fit & Fun a Bressanone, Alto Adige. Intersport Sport Jocher sulla Plose offre tutto ci\u00f2 che rende unico l\u2019inverno!","robots":{"index":"index","follow":"follow","max-snippet":"max-snippet:-1","max-image-preview":"max-image-preview:large","max-video-preview":"max-video-preview:-1"},"canonical":"https:\/\/www.sport-jocher.com\/it\/","og_locale":"it_IT","og_type":"article","og_title":"Intersport Sport Jocher sulla Plose \u2013 I negozi di articoli sportivi","og_description":"Fit & Fun a Bressanone, Alto Adige. Intersport Sport Jocher sulla Plose offre tutto ci\u00f2 che rende unico l\u2019inverno!","og_url":"https:\/\/www.sport-jocher.com\/it\/","og_site_name":"Jocher","article_publisher":"https:\/\/www.facebook.com\/intersportplose\/","article_modified_time":"2024-08-28T15:54:39+00:00","twitter_card":"summary","twitter_misc":{"Tempo di lettura stimato":"1 minuto"},"schema":{"@context":"https:\/\/schema.org","@graph":[{"@type":"WebPage","@id":"https:\/\/www.sport-jocher.com\/it\/","url":"https:\/\/www.sport-jocher.com\/it\/","name":"Intersport Sport Jocher sulla Plose \u2013 I negozi di articoli sportivi","isPartOf":{"@id":"https:\/\/www.sport-jocher.com\/#website"},"datePublished":"2016-11-28T08:52:27+00:00","dateModified":"2024-08-28T15:54:39+00:00","description":"Fit & Fun a Bressanone, Alto Adige. Intersport Sport Jocher sulla Plose offre tutto ci\u00f2 che rende unico l\u2019inverno!","breadcrumb":{"@id":"https:\/\/www.sport-jocher.com\/it\/#breadcrumb"},"inLanguage":"it-IT","potentialAction":[{"@type":"ReadAction","target":["https:\/\/www.sport-jocher.com\/it\/"]}]},{"@type":"BreadcrumbList","@id":"https:\/\/www.sport-jocher.com\/it\/#breadcrumb","itemListElement":[{"@type":"ListItem","position":1,"name":"Startseite","item":"https:\/\/www.sport-jocher.com\/it\/"},{"@type":"ListItem","position":2,"name":"Home"}]},{"@type":"WebSite","@id":"https:\/\/www.sport-jocher.com\/#website","url":"https:\/\/www.sport-jocher.com\/","name":"Jocher","description":" Ihr Fachgesch\u00e4ft f\u00fcr  Sportausr\u00fcstung, -bekleidung und -zubeh\u00f6r. Direkt auf der Plose an der Talstation der Seilbahn.","potentialAction":[{"@type":"SearchAction","target":{"@type":"EntryPoint","urlTemplate":"https:\/\/www.sport-jocher.com\/?s={search_term_string}"},"query-input":"required name=search_term_string"}],"inLanguage":"it-IT"}]}},"_links":{"self":[{"href":"https:\/\/www.sport-jocher.com\/it\/wp-json\/wp\/v2\/pages\/457\/"}],"collection":[{"href":"https:\/\/www.sport-jocher.com\/it\/wp-json\/wp\/v2\/pages\/"}],"about":[{"href":"https:\/\/www.sport-jocher.com\/it\/wp-json\/wp\/v2\/types\/page\/"}],"author":[{"embeddable":true,"href":"https:\/\/www.sport-jocher.com\/it\/wp-json\/wp\/v2\/users\/1\/"}],"replies":[{"embeddable":true,"href":"https:\/\/www.sport-jocher.com\/it\/wp-json\/wp\/v2\/comments\/?post=457"}],"version-history":[{"count":2,"href":"https:\/\/www.sport-jocher.com\/it\/wp-json\/wp\/v2\/pages\/457\/revisions\/"}],"predecessor-version":[{"id":727,"href":"https:\/\/www.sport-jocher.com\/it\/wp-json\/wp\/v2\/pages\/457\/revisions\/727\/"}],"wp:attachment":[{"href":"https:\/\/www.sport-jocher.com\/it\/wp-json\/wp\/v2\/media\/?parent=457"}],"curies":[{"name":"wp","href":"https:\/\/api.w.org\/{rel}","templated":true}]}}