{"id":460,"date":"2016-12-13T11:13:01","date_gmt":"2016-12-13T10:13:01","guid":{"rendered":"http:\/\/jocher.muwit.net\/it\/impressum\/"},"modified":"2024-08-28T18:00:56","modified_gmt":"2024-08-28T16:00:56","slug":"colophon","status":"publish","type":"page","link":"https:\/\/www.sport-jocher.com\/it\/colophon\/","title":{"rendered":"Colophon"},"content":{"rendered":"<h1><strong>Colophon<\/strong><\/h1>\n<p>Sport Jocher OHG Jocher Michael<br \/>\nFraktion St.Andr\u00e4<br \/>\nDorfstra\u00dfe 27\/B<br \/>\n39042 Bressanone<\/p>\n<p><strong>Sport Jocher<\/strong><br \/>\nTel: +39 0472 850139<\/p>\n<p><a title=\"E-Mail Sport Jocher Brixen\/S\u00fcdtirol\" href=\"mailto:info@sport-jocher.com\">info@sport-jocher.com<br \/>\n<\/a><a href=\"http:\/\/www.sport-jocher.com\">www.sport-jocher.com<\/a><\/p>\n<p>P.IVA &amp; Cod. fisc. IT 01184630216<\/p>\n<p>Camera di comerico di Bolzano<br \/>\nNumero iscrizione camera di commercio: 01184630216<br \/>\nNumero REA: BZ-105977<br \/>\nLegale rappresentante: Jocher Michael<\/p>\n<p><strong>Copyright per le immagini e grafiche utilizzate:<br \/>\n<\/strong>Plose &#8211; <a title=\"Plose\" href=\"http:\/\/www.plose.org\/\">www.plose.org<\/a><br \/>\nBlizzard &#8211; <a title=\"Blizzard\" href=\"http:\/\/www.blizzard-ski.com\">www.blizzard-ski.com<\/a><br \/>\nFischer &#8211; <a title=\"Fischer\" href=\"http:\/\/www.fischersports.com\">www.fischersports.com<\/a><br \/>\nK2 &#8211; <a title=\"K2\" href=\"http:\/\/k2skis.com\/\">k2skis.com<\/a><br \/>\nReusch &#8211; <a title=\"Reusch\" href=\"http:\/\/www.reusch.com\/\">www.reusch.com<\/a><br \/>\nuvex &#8211; <a title=\"uvex\" href=\"http:\/\/www.uvex.com\/\">www.uvex.com<\/a><br \/>\nIntersport &#8211; <a title=\"intersport\" href=\"http:\/\/www.intersport.com\/\">www.intersport.com<\/a><br \/>\nWestScout &#8211; <a title=\"westscout\" href=\"http:\/\/www.westscout.com\/\">www.westscout.com<\/a><br \/>\nmuwit &#8211; <a title=\"muwit - web und mediendesign der sandra stablum\" href=\"http:\/\/www.muwit.it\">www.muwit.it<\/a><br \/>\nRudolpho Duba, Thomas Max M\u00fcller, RainerSturm, vvo, A.-Dengs &#8211; <a href=\"http:\/\/www.pixelio.de\">www.pixelio.de<\/a><br \/>\nLorenz Jocher<br \/>\nSport Jocher OHG<strong><br \/>\n<\/strong><\/p>\n<p><strong>Risoluzione delle controversie<br \/>\n<\/strong>Informazioni obbligatorie ai sensi del Regolamento UE n. 524\/2013 del Parlamento e Consiglio europeo. Piattaforma per la risoluzione online delle controversie (ODR) della Commissione europea: https:\/\/ec.europa.eu\/consumers\/odr\/main\/?event=main.trader.register<\/p>\n<p><strong>Concetto e realizzazione<\/strong><br \/>\nMUWit d. Sandra Stablum<br \/>\nCitt\u00e0 Alta 60<br \/>\n39043 Chiusa<br \/>\nT. +39 347 1330206<br \/>\nPart. IVA 02730810211<br \/>\nCod. fisc. STB SDR 88 A44 B160 S<br \/>\n<a href=\"http:\/\/www.muwit.it\">info@muwit.it<br \/>\nwww.muwit.it<\/a><\/p>\n<p><strong>Responsabile per il contenuto:<\/strong><br \/>\nSport Jocher OHG Jocher Michael<\/p>\n<h2><strong>Dichiarazione liberatoria<\/strong>:<\/h2>\n<p><strong>Responsabilit\u00e0 per i contenuti<br \/>\n<\/strong><\/p>\n<p>I contenuti delle nostre pagine sono stati redatti, elaborati e controllati scrupolosamente. Tuttavia, non ci assumiamo nessuna responsabilit\u00e0 per la correttezza, qualit\u00e0, completezza e attualit\u00e0 dei contenuti, poich\u00e9 non \u00e8 da escludere che siano cambiati nel tempo. Come prestatori di servizi siamo responsabili per i contenuti di queste pagine in base alla normativa vigente. Nella nostra qualit\u00e0 di prestatori di servizi non siamo per\u00f2 obbligati a controllare l\u2019esattezza di informazioni ricevute o salvate da terzi, o a controllare se sussistano irregolarit\u00e0 che indichino un\u2019attivit\u00e0 illegale. L\u2019obbligo di rimuovere o bloccare l\u2019utilizzo di informazioni secondo la normativa vigente rimane valido. L\u2019assunzione di tale responsabilit\u00e0 \u00e8 tuttavia possibile solamente dopo il momento dell\u2019effettivo riconoscimento da parte nostra di una concreta violazione di diritto. Alla presa d\u2019atto di tali violazioni di legge provvederemo immediatamente alla rimozione dei contenuti in questione.<br \/>\nSi escludono di principio le rivendicazioni di responsabilit\u00e0 di qualsiasi tipo causate dall\u2019utilizzo di informazioni messe a disposizione, oppure da informazioni errate e\/o incomplete.<\/p>\n<p><strong>Responsabilit\u00e0 per i link<\/strong><br \/>\nLa nostra offerta contiene dei collegamenti ipertestuali con siti web esterni di terzi, sui cui contenuti non possiamo influire. Per questo motivo non forniamo nessuna garanzia sui contenuti dei siti web linkati, indipendentemente dal tipo e dalla natura. Ne \u00e8 responsabile solamente il relativo proprietario o gestore del sito. Un controllo permanente dei contenuti dei siti linkati al presente non \u00e8 fattibile senza concreti punti di riferimento. All\u2019avvenuta conoscenza d\u2019infrazioni contro la legge causate dai siti web linkati, i link in questione saranno subito rimossi.<\/p>\n<p><strong>Copyright<\/strong><br \/>\nTutti i contenuti e le opere creati dal web designer e dai gestori del sito sono protetti da copyright. La riproduzione, l\u2019alterazione, la distribuzione e qualsiasi forma di utilizzo, soprattutto per scopi commerciali, al di fuori dei limiti del diritto d\u2019autore, sono severamente vietate e ammesse esclusivamente previa autorizzazione scritta del relativo autore o creatore. Nel caso i contenuti di questa pagina non siano stati creati dal gestore, sono da rispettare i diritti di copyright di terzi. I contenuti redatti da terzi sono contrassegnati come tali. In caso doveste notare una violazione del copyright, vi preghiamo gentilmente di farci pervenire un\u2019apposita segnalazione. All\u2019atto di presa di conoscenza di tali violazioni di legge, i contenuti in questione saranno naturalmente rimossi subito, senza per\u00f2 assumerne nessuna responsabilit\u00e0.<\/p>\n<p><strong>CON. COV. 2021<\/strong><br \/>\n88820,90<\/p>\n","protected":false},"excerpt":{"rendered":"<p>Colophon Sport Jocher OHG Jocher Michael Fraktion St.Andr\u00e4 Dorfstra\u00dfe 27\/B 39042 Bressanone Sport Jocher Tel: +39 0472 850139 info@sport-jocher.com www.sport-jocher.com P.IVA &amp; Cod. fisc. IT 01184630216<span class=\"excerpt-hellip\"> [\u2026]<\/span><\/p>\n","protected":false},"author":1,"featured_media":0,"parent":0,"menu_order":0,"comment_status":"closed","ping_status":"closed","template":"","meta":{"_mi_skip_tracking":false},"yoast_head":"<!-- This site is optimized with the Yoast SEO plugin v19.6.1 - https:\/\/yoast.com\/wordpress\/plugins\/seo\/ -->\n<title>Intersport Plose \u2013 Fit and Fun presso Sport Mode Jocher Intersport sulla Plose<\/title>\n<meta name=\"description\" content=\"Intersport Plose \u2013 il negozio Fit &amp; Fun per tutti gli amanti dello sci. Il tuo interlocutore Intersport sulla Plose vicino a Bressanone \u2013 Fit and Fun!\" \/>\n<meta name=\"robots\" content=\"index, follow, max-snippet:-1, max-image-preview:large, max-video-preview:-1\" \/>\n<link rel=\"canonical\" href=\"https:\/\/www.sport-jocher.com\/it\/colophon\/\" \/>\n<meta property=\"og:locale\" content=\"it_IT\" \/>\n<meta property=\"og:type\" content=\"article\" \/>\n<meta property=\"og:title\" content=\"Intersport Plose \u2013 Fit and Fun presso Sport Mode Jocher Intersport sulla Plose\" \/>\n<meta property=\"og:description\" content=\"Intersport Plose \u2013 il negozio Fit &amp; Fun per tutti gli amanti dello sci. Il tuo interlocutore Intersport sulla Plose vicino a Bressanone \u2013 Fit and Fun!\" \/>\n<meta property=\"og:url\" content=\"https:\/\/www.sport-jocher.com\/it\/colophon\/\" \/>\n<meta property=\"og:site_name\" content=\"Jocher\" \/>\n<meta property=\"article:publisher\" content=\"https:\/\/www.facebook.com\/intersportplose\/\" \/>\n<meta property=\"article:modified_time\" content=\"2024-08-28T16:00:56+00:00\" \/>\n<meta name=\"twitter:card\" content=\"summary\" \/>\n<meta name=\"twitter:label1\" content=\"Tempo di lettura stimato\" \/>\n\t<meta name=\"twitter:data1\" content=\"3 minuti\" \/>\n<script type=\"application\/ld+json\" class=\"yoast-schema-graph\">{\"@context\":\"https:\/\/schema.org\",\"@graph\":[{\"@type\":\"WebPage\",\"@id\":\"https:\/\/www.sport-jocher.com\/it\/colophon\/\",\"url\":\"https:\/\/www.sport-jocher.com\/it\/colophon\/\",\"name\":\"Intersport Plose \u2013 Fit and Fun presso Sport Mode Jocher Intersport sulla Plose\",\"isPartOf\":{\"@id\":\"https:\/\/www.sport-jocher.com\/#website\"},\"datePublished\":\"2016-12-13T10:13:01+00:00\",\"dateModified\":\"2024-08-28T16:00:56+00:00\",\"description\":\"Intersport Plose \u2013 il negozio Fit & Fun per tutti gli amanti dello sci. Il tuo interlocutore Intersport sulla Plose vicino a Bressanone \u2013 Fit and Fun!\",\"breadcrumb\":{\"@id\":\"https:\/\/www.sport-jocher.com\/it\/colophon\/#breadcrumb\"},\"inLanguage\":\"it-IT\",\"potentialAction\":[{\"@type\":\"ReadAction\",\"target\":[\"https:\/\/www.sport-jocher.com\/it\/colophon\/\"]}]},{\"@type\":\"BreadcrumbList\",\"@id\":\"https:\/\/www.sport-jocher.com\/it\/colophon\/#breadcrumb\",\"itemListElement\":[{\"@type\":\"ListItem\",\"position\":1,\"name\":\"Startseite\",\"item\":\"https:\/\/www.sport-jocher.com\/it\/\"},{\"@type\":\"ListItem\",\"position\":2,\"name\":\"Colophon\"}]},{\"@type\":\"WebSite\",\"@id\":\"https:\/\/www.sport-jocher.com\/#website\",\"url\":\"https:\/\/www.sport-jocher.com\/\",\"name\":\"Jocher\",\"description\":\" Ihr Fachgesch\u00e4ft f\u00fcr  Sportausr\u00fcstung, -bekleidung und -zubeh\u00f6r. Direkt auf der Plose an der Talstation der Seilbahn.\",\"potentialAction\":[{\"@type\":\"SearchAction\",\"target\":{\"@type\":\"EntryPoint\",\"urlTemplate\":\"https:\/\/www.sport-jocher.com\/?s={search_term_string}\"},\"query-input\":\"required name=search_term_string\"}],\"inLanguage\":\"it-IT\"}]}<\/script>\n<!-- \/ Yoast SEO plugin. -->","yoast_head_json":{"title":"Intersport Plose \u2013 Fit and Fun presso Sport Mode Jocher Intersport sulla Plose","description":"Intersport Plose \u2013 il negozio Fit & Fun per tutti gli amanti dello sci. Il tuo interlocutore Intersport sulla Plose vicino a Bressanone \u2013 Fit and Fun!","robots":{"index":"index","follow":"follow","max-snippet":"max-snippet:-1","max-image-preview":"max-image-preview:large","max-video-preview":"max-video-preview:-1"},"canonical":"https:\/\/www.sport-jocher.com\/it\/colophon\/","og_locale":"it_IT","og_type":"article","og_title":"Intersport Plose \u2013 Fit and Fun presso Sport Mode Jocher Intersport sulla Plose","og_description":"Intersport Plose \u2013 il negozio Fit & Fun per tutti gli amanti dello sci. Il tuo interlocutore Intersport sulla Plose vicino a Bressanone \u2013 Fit and Fun!","og_url":"https:\/\/www.sport-jocher.com\/it\/colophon\/","og_site_name":"Jocher","article_publisher":"https:\/\/www.facebook.com\/intersportplose\/","article_modified_time":"2024-08-28T16:00:56+00:00","twitter_card":"summary","twitter_misc":{"Tempo di lettura stimato":"3 minuti"},"schema":{"@context":"https:\/\/schema.org","@graph":[{"@type":"WebPage","@id":"https:\/\/www.sport-jocher.com\/it\/colophon\/","url":"https:\/\/www.sport-jocher.com\/it\/colophon\/","name":"Intersport Plose \u2013 Fit and Fun presso Sport Mode Jocher Intersport sulla Plose","isPartOf":{"@id":"https:\/\/www.sport-jocher.com\/#website"},"datePublished":"2016-12-13T10:13:01+00:00","dateModified":"2024-08-28T16:00:56+00:00","description":"Intersport Plose \u2013 il negozio Fit & Fun per tutti gli amanti dello sci. Il tuo interlocutore Intersport sulla Plose vicino a Bressanone \u2013 Fit and Fun!","breadcrumb":{"@id":"https:\/\/www.sport-jocher.com\/it\/colophon\/#breadcrumb"},"inLanguage":"it-IT","potentialAction":[{"@type":"ReadAction","target":["https:\/\/www.sport-jocher.com\/it\/colophon\/"]}]},{"@type":"BreadcrumbList","@id":"https:\/\/www.sport-jocher.com\/it\/colophon\/#breadcrumb","itemListElement":[{"@type":"ListItem","position":1,"name":"Startseite","item":"https:\/\/www.sport-jocher.com\/it\/"},{"@type":"ListItem","position":2,"name":"Colophon"}]},{"@type":"WebSite","@id":"https:\/\/www.sport-jocher.com\/#website","url":"https:\/\/www.sport-jocher.com\/","name":"Jocher","description":" Ihr Fachgesch\u00e4ft f\u00fcr  Sportausr\u00fcstung, -bekleidung und -zubeh\u00f6r. Direkt auf der Plose an der Talstation der Seilbahn.","potentialAction":[{"@type":"SearchAction","target":{"@type":"EntryPoint","urlTemplate":"https:\/\/www.sport-jocher.com\/?s={search_term_string}"},"query-input":"required name=search_term_string"}],"inLanguage":"it-IT"}]}},"_links":{"self":[{"href":"https:\/\/www.sport-jocher.com\/it\/wp-json\/wp\/v2\/pages\/460\/"}],"collection":[{"href":"https:\/\/www.sport-jocher.com\/it\/wp-json\/wp\/v2\/pages\/"}],"about":[{"href":"https:\/\/www.sport-jocher.com\/it\/wp-json\/wp\/v2\/types\/page\/"}],"author":[{"embeddable":true,"href":"https:\/\/www.sport-jocher.com\/it\/wp-json\/wp\/v2\/users\/1\/"}],"replies":[{"embeddable":true,"href":"https:\/\/www.sport-jocher.com\/it\/wp-json\/wp\/v2\/comments\/?post=460"}],"version-history":[{"count":6,"href":"https:\/\/www.sport-jocher.com\/it\/wp-json\/wp\/v2\/pages\/460\/revisions\/"}],"predecessor-version":[{"id":871,"href":"https:\/\/www.sport-jocher.com\/it\/wp-json\/wp\/v2\/pages\/460\/revisions\/871\/"}],"wp:attachment":[{"href":"https:\/\/www.sport-jocher.com\/it\/wp-json\/wp\/v2\/media\/?parent=460"}],"curies":[{"name":"wp","href":"https:\/\/api.w.org\/{rel}","templated":true}]}}