{"id":495,"date":"2016-12-01T16:07:44","date_gmt":"2016-12-01T15:07:44","guid":{"rendered":"http:\/\/jocher.muwit.net\/it\/winter\/"},"modified":"2024-08-28T17:54:16","modified_gmt":"2024-08-28T15:54:16","slug":"inverno","status":"publish","type":"page","link":"https:\/\/www.sport-jocher.com\/it\/inverno\/","title":{"rendered":"Inverno"},"content":{"rendered":"<h1>Sciare con la migliore attrezzatura!<\/h1>\n<p>Da Intersport Jocher sulla Plose, il comprensorio sciistico di Bressanone, troverete tutto ci\u00f2 che desiderate. L\u2019area sciistica Plose \u00e8 un vero paradiso della Valle Isarco, con 43km di piste, molto sole e un meraviglioso panorama sulle Dolomiti: Patrimonio naturale dell\u2019umanit\u00e0 Unesco. Dolomiti Superski, il comprensorio sciistico pi\u00f9 grande del mondo, offre divertimento senza fine sulle piste! Intersport Jocher \u00e8 situato direttamente alla stazione a valle dell\u2019ovovia e dispone di attrezzatura invernale per bambini e adulti. Variet\u00e0 e cortesia caratterizzano il comprensorio sciistico della Plose, la montagna di Bressanone; e sulla \u201eTrametsch\u201c vivrete l\u2019esperienza della discesa pi\u00f9 lunga di tutto l\u2019Alto Adige : 9 km di puro divertimento!<\/p>\n<p><a title=\"S\u00fcdtirol Wetter\" href=\"http:\/\/www.provincia.bz.it\/meteo\/alto-adige.asp\">Clicca qui<\/a> per informazioni sempre attuali su meteo e temperature sulla Plose &#8211; vicino Bressanone.<\/p>\n","protected":false},"excerpt":{"rendered":"<p>Sciare con la migliore attrezzatura! Da Intersport Jocher sulla Plose, il comprensorio sciistico di Bressanone, troverete tutto ci\u00f2 che desiderate. L\u2019area sciistica Plose \u00e8 un vero<span class=\"excerpt-hellip\"> [\u2026]<\/span><\/p>\n","protected":false},"author":1,"featured_media":0,"parent":0,"menu_order":0,"comment_status":"closed","ping_status":"closed","template":"","meta":{"_mi_skip_tracking":false},"yoast_head":"<!-- This site is optimized with the Yoast SEO plugin v19.6.1 - https:\/\/yoast.com\/wordpress\/plugins\/seo\/ -->\n<title>Sciare e molto di pi\u00f9: Intersport sulla Plose \u00e8 dalla vostra parte<\/title>\n<meta name=\"description\" content=\"Sciare, camminare in montagna e molto di pi\u00f9: il negozio Intersport Jocher sulla Plose offre tutto ci\u00f2 che un vero sportivo possa desiderare.\" \/>\n<meta name=\"robots\" content=\"index, follow, max-snippet:-1, max-image-preview:large, max-video-preview:-1\" \/>\n<link rel=\"canonical\" href=\"https:\/\/www.sport-jocher.com\/it\/inverno\/\" \/>\n<meta property=\"og:locale\" content=\"it_IT\" \/>\n<meta property=\"og:type\" content=\"article\" \/>\n<meta property=\"og:title\" content=\"Sciare e molto di pi\u00f9: Intersport sulla Plose \u00e8 dalla vostra parte\" \/>\n<meta property=\"og:description\" content=\"Sciare, camminare in montagna e molto di pi\u00f9: il negozio Intersport Jocher sulla Plose offre tutto ci\u00f2 che un vero sportivo possa desiderare.\" \/>\n<meta property=\"og:url\" content=\"https:\/\/www.sport-jocher.com\/it\/inverno\/\" \/>\n<meta property=\"og:site_name\" content=\"Jocher\" \/>\n<meta property=\"article:publisher\" content=\"https:\/\/www.facebook.com\/intersportplose\/\" \/>\n<meta property=\"article:modified_time\" content=\"2024-08-28T15:54:16+00:00\" \/>\n<meta name=\"twitter:card\" content=\"summary\" \/>\n<meta name=\"twitter:label1\" content=\"Tempo di lettura stimato\" \/>\n\t<meta name=\"twitter:data1\" content=\"1 minuto\" \/>\n<script type=\"application\/ld+json\" class=\"yoast-schema-graph\">{\"@context\":\"https:\/\/schema.org\",\"@graph\":[{\"@type\":\"WebPage\",\"@id\":\"https:\/\/www.sport-jocher.com\/it\/inverno\/\",\"url\":\"https:\/\/www.sport-jocher.com\/it\/inverno\/\",\"name\":\"Sciare e molto di pi\u00f9: Intersport sulla Plose \u00e8 dalla vostra parte\",\"isPartOf\":{\"@id\":\"https:\/\/www.sport-jocher.com\/#website\"},\"datePublished\":\"2016-12-01T15:07:44+00:00\",\"dateModified\":\"2024-08-28T15:54:16+00:00\",\"description\":\"Sciare, camminare in montagna e molto di pi\u00f9: il negozio Intersport Jocher sulla Plose offre tutto ci\u00f2 che un vero sportivo possa desiderare.\",\"breadcrumb\":{\"@id\":\"https:\/\/www.sport-jocher.com\/it\/inverno\/#breadcrumb\"},\"inLanguage\":\"it-IT\",\"potentialAction\":[{\"@type\":\"ReadAction\",\"target\":[\"https:\/\/www.sport-jocher.com\/it\/inverno\/\"]}]},{\"@type\":\"BreadcrumbList\",\"@id\":\"https:\/\/www.sport-jocher.com\/it\/inverno\/#breadcrumb\",\"itemListElement\":[{\"@type\":\"ListItem\",\"position\":1,\"name\":\"Startseite\",\"item\":\"https:\/\/www.sport-jocher.com\/it\/\"},{\"@type\":\"ListItem\",\"position\":2,\"name\":\"Inverno\"}]},{\"@type\":\"WebSite\",\"@id\":\"https:\/\/www.sport-jocher.com\/#website\",\"url\":\"https:\/\/www.sport-jocher.com\/\",\"name\":\"Jocher\",\"description\":\" Ihr Fachgesch\u00e4ft f\u00fcr  Sportausr\u00fcstung, -bekleidung und -zubeh\u00f6r. Direkt auf der Plose an der Talstation der Seilbahn.\",\"potentialAction\":[{\"@type\":\"SearchAction\",\"target\":{\"@type\":\"EntryPoint\",\"urlTemplate\":\"https:\/\/www.sport-jocher.com\/?s={search_term_string}\"},\"query-input\":\"required name=search_term_string\"}],\"inLanguage\":\"it-IT\"}]}<\/script>\n<!-- \/ Yoast SEO plugin. -->","yoast_head_json":{"title":"Sciare e molto di pi\u00f9: Intersport sulla Plose \u00e8 dalla vostra parte","description":"Sciare, camminare in montagna e molto di pi\u00f9: il negozio Intersport Jocher sulla Plose offre tutto ci\u00f2 che un vero sportivo possa desiderare.","robots":{"index":"index","follow":"follow","max-snippet":"max-snippet:-1","max-image-preview":"max-image-preview:large","max-video-preview":"max-video-preview:-1"},"canonical":"https:\/\/www.sport-jocher.com\/it\/inverno\/","og_locale":"it_IT","og_type":"article","og_title":"Sciare e molto di pi\u00f9: Intersport sulla Plose \u00e8 dalla vostra parte","og_description":"Sciare, camminare in montagna e molto di pi\u00f9: il negozio Intersport Jocher sulla Plose offre tutto ci\u00f2 che un vero sportivo possa desiderare.","og_url":"https:\/\/www.sport-jocher.com\/it\/inverno\/","og_site_name":"Jocher","article_publisher":"https:\/\/www.facebook.com\/intersportplose\/","article_modified_time":"2024-08-28T15:54:16+00:00","twitter_card":"summary","twitter_misc":{"Tempo di lettura stimato":"1 minuto"},"schema":{"@context":"https:\/\/schema.org","@graph":[{"@type":"WebPage","@id":"https:\/\/www.sport-jocher.com\/it\/inverno\/","url":"https:\/\/www.sport-jocher.com\/it\/inverno\/","name":"Sciare e molto di pi\u00f9: Intersport sulla Plose \u00e8 dalla vostra parte","isPartOf":{"@id":"https:\/\/www.sport-jocher.com\/#website"},"datePublished":"2016-12-01T15:07:44+00:00","dateModified":"2024-08-28T15:54:16+00:00","description":"Sciare, camminare in montagna e molto di pi\u00f9: il negozio Intersport Jocher sulla Plose offre tutto ci\u00f2 che un vero sportivo possa desiderare.","breadcrumb":{"@id":"https:\/\/www.sport-jocher.com\/it\/inverno\/#breadcrumb"},"inLanguage":"it-IT","potentialAction":[{"@type":"ReadAction","target":["https:\/\/www.sport-jocher.com\/it\/inverno\/"]}]},{"@type":"BreadcrumbList","@id":"https:\/\/www.sport-jocher.com\/it\/inverno\/#breadcrumb","itemListElement":[{"@type":"ListItem","position":1,"name":"Startseite","item":"https:\/\/www.sport-jocher.com\/it\/"},{"@type":"ListItem","position":2,"name":"Inverno"}]},{"@type":"WebSite","@id":"https:\/\/www.sport-jocher.com\/#website","url":"https:\/\/www.sport-jocher.com\/","name":"Jocher","description":" Ihr Fachgesch\u00e4ft f\u00fcr  Sportausr\u00fcstung, -bekleidung und -zubeh\u00f6r. Direkt auf der Plose an der Talstation der Seilbahn.","potentialAction":[{"@type":"SearchAction","target":{"@type":"EntryPoint","urlTemplate":"https:\/\/www.sport-jocher.com\/?s={search_term_string}"},"query-input":"required name=search_term_string"}],"inLanguage":"it-IT"}]}},"_links":{"self":[{"href":"https:\/\/www.sport-jocher.com\/it\/wp-json\/wp\/v2\/pages\/495\/"}],"collection":[{"href":"https:\/\/www.sport-jocher.com\/it\/wp-json\/wp\/v2\/pages\/"}],"about":[{"href":"https:\/\/www.sport-jocher.com\/it\/wp-json\/wp\/v2\/types\/page\/"}],"author":[{"embeddable":true,"href":"https:\/\/www.sport-jocher.com\/it\/wp-json\/wp\/v2\/users\/1\/"}],"replies":[{"embeddable":true,"href":"https:\/\/www.sport-jocher.com\/it\/wp-json\/wp\/v2\/comments\/?post=495"}],"version-history":[{"count":1,"href":"https:\/\/www.sport-jocher.com\/it\/wp-json\/wp\/v2\/pages\/495\/revisions\/"}],"predecessor-version":[{"id":784,"href":"https:\/\/www.sport-jocher.com\/it\/wp-json\/wp\/v2\/pages\/495\/revisions\/784\/"}],"wp:attachment":[{"href":"https:\/\/www.sport-jocher.com\/it\/wp-json\/wp\/v2\/media\/?parent=495"}],"curies":[{"name":"wp","href":"https:\/\/api.w.org\/{rel}","templated":true}]}}