{"id":508,"date":"2016-12-07T16:13:04","date_gmt":"2016-12-07T15:13:04","guid":{"rendered":"http:\/\/jocher.muwit.net\/it\/wandern\/"},"modified":"2024-08-28T17:54:51","modified_gmt":"2024-08-28T15:54:51","slug":"escursionismo","status":"publish","type":"page","link":"https:\/\/www.sport-jocher.com\/it\/escursionismo\/","title":{"rendered":"Escursionismo"},"content":{"rendered":"<h1>Escursionismo con la migliore attrezzatura!<\/h1>\n<p>Piedi in forma&#8230;con le scarpe da escursionismo di Sport Jocher! Ogni giorno i nostri piedi ci portano ovunque vogliamo. Se contassimo i passi che facciamo ogni giorno, capiremmo che nel corso della nostra vita riusciamo a fare 2 \u2013 3 giri del mondo a piedi. Scarpe da escursionismo e molto di pi\u00f9 nel negozio di sport di Bressanone: perch\u00e8 i tuoi piedi sono preziosi! Sport Jocher ha un vasto assortimento di scarpe da escursionismo, bastoncini per camminare e abbigliamento sportivo; inoltre offre un esclusivo servizio di consulenza ai propri clienti per la pratica degli sport all\u2019aria aperta. Sicuri in montagna con il migliore equipaggiamento \u2013 nel nostro negozio di articoli sportivi Sport Jocher a Bressanone.<\/p>\n","protected":false},"excerpt":{"rendered":"<p>Escursionismo con la migliore attrezzatura! Piedi in forma&#8230;con le scarpe da escursionismo di Sport Jocher! Ogni giorno i nostri piedi ci portano ovunque vogliamo. Se contassimo<span class=\"excerpt-hellip\"> [\u2026]<\/span><\/p>\n","protected":false},"author":1,"featured_media":0,"parent":0,"menu_order":0,"comment_status":"closed","ping_status":"closed","template":"","meta":{"_mi_skip_tracking":false},"yoast_head":"<!-- This site is optimized with the Yoast SEO plugin v19.6.1 - https:\/\/yoast.com\/wordpress\/plugins\/seo\/ -->\n<title>Scarpe da escursionismo nel negozio di sport a Bressanone<\/title>\n<meta name=\"description\" content=\"Molto di pi\u00f9 nel negozio di sport: Fit &amp; Fun ha un\u2019ampia offerta di scarpe da escursionismo sportivo in genere. Fit &amp; Fun a Bressanone.\" \/>\n<meta name=\"robots\" content=\"index, follow, max-snippet:-1, max-image-preview:large, max-video-preview:-1\" \/>\n<link rel=\"canonical\" href=\"https:\/\/www.sport-jocher.com\/it\/escursionismo\/\" \/>\n<meta property=\"og:locale\" content=\"it_IT\" \/>\n<meta property=\"og:type\" content=\"article\" \/>\n<meta property=\"og:title\" content=\"Scarpe da escursionismo nel negozio di sport a Bressanone\" \/>\n<meta property=\"og:description\" content=\"Molto di pi\u00f9 nel negozio di sport: Fit &amp; Fun ha un\u2019ampia offerta di scarpe da escursionismo sportivo in genere. Fit &amp; Fun a Bressanone.\" \/>\n<meta property=\"og:url\" content=\"https:\/\/www.sport-jocher.com\/it\/escursionismo\/\" \/>\n<meta property=\"og:site_name\" content=\"Jocher\" \/>\n<meta property=\"article:publisher\" content=\"https:\/\/www.facebook.com\/intersportplose\/\" \/>\n<meta property=\"article:modified_time\" content=\"2024-08-28T15:54:51+00:00\" \/>\n<meta name=\"twitter:card\" content=\"summary\" \/>\n<meta name=\"twitter:label1\" content=\"Tempo di lettura stimato\" \/>\n\t<meta name=\"twitter:data1\" content=\"1 minuto\" \/>\n<script type=\"application\/ld+json\" class=\"yoast-schema-graph\">{\"@context\":\"https:\/\/schema.org\",\"@graph\":[{\"@type\":\"WebPage\",\"@id\":\"https:\/\/www.sport-jocher.com\/it\/escursionismo\/\",\"url\":\"https:\/\/www.sport-jocher.com\/it\/escursionismo\/\",\"name\":\"Scarpe da escursionismo nel negozio di sport a Bressanone\",\"isPartOf\":{\"@id\":\"https:\/\/www.sport-jocher.com\/#website\"},\"datePublished\":\"2016-12-07T15:13:04+00:00\",\"dateModified\":\"2024-08-28T15:54:51+00:00\",\"description\":\"Molto di pi\u00f9 nel negozio di sport: Fit & Fun ha un\u2019ampia offerta di scarpe da escursionismo sportivo in genere. Fit & Fun a Bressanone.\",\"breadcrumb\":{\"@id\":\"https:\/\/www.sport-jocher.com\/it\/escursionismo\/#breadcrumb\"},\"inLanguage\":\"it-IT\",\"potentialAction\":[{\"@type\":\"ReadAction\",\"target\":[\"https:\/\/www.sport-jocher.com\/it\/escursionismo\/\"]}]},{\"@type\":\"BreadcrumbList\",\"@id\":\"https:\/\/www.sport-jocher.com\/it\/escursionismo\/#breadcrumb\",\"itemListElement\":[{\"@type\":\"ListItem\",\"position\":1,\"name\":\"Startseite\",\"item\":\"https:\/\/www.sport-jocher.com\/it\/\"},{\"@type\":\"ListItem\",\"position\":2,\"name\":\"Escursionismo\"}]},{\"@type\":\"WebSite\",\"@id\":\"https:\/\/www.sport-jocher.com\/#website\",\"url\":\"https:\/\/www.sport-jocher.com\/\",\"name\":\"Jocher\",\"description\":\" Ihr Fachgesch\u00e4ft f\u00fcr  Sportausr\u00fcstung, -bekleidung und -zubeh\u00f6r. Direkt auf der Plose an der Talstation der Seilbahn.\",\"potentialAction\":[{\"@type\":\"SearchAction\",\"target\":{\"@type\":\"EntryPoint\",\"urlTemplate\":\"https:\/\/www.sport-jocher.com\/?s={search_term_string}\"},\"query-input\":\"required name=search_term_string\"}],\"inLanguage\":\"it-IT\"}]}<\/script>\n<!-- \/ Yoast SEO plugin. -->","yoast_head_json":{"title":"Scarpe da escursionismo nel negozio di sport a Bressanone","description":"Molto di pi\u00f9 nel negozio di sport: Fit & Fun ha un\u2019ampia offerta di scarpe da escursionismo sportivo in genere. Fit & Fun a Bressanone.","robots":{"index":"index","follow":"follow","max-snippet":"max-snippet:-1","max-image-preview":"max-image-preview:large","max-video-preview":"max-video-preview:-1"},"canonical":"https:\/\/www.sport-jocher.com\/it\/escursionismo\/","og_locale":"it_IT","og_type":"article","og_title":"Scarpe da escursionismo nel negozio di sport a Bressanone","og_description":"Molto di pi\u00f9 nel negozio di sport: Fit & Fun ha un\u2019ampia offerta di scarpe da escursionismo sportivo in genere. Fit & Fun a Bressanone.","og_url":"https:\/\/www.sport-jocher.com\/it\/escursionismo\/","og_site_name":"Jocher","article_publisher":"https:\/\/www.facebook.com\/intersportplose\/","article_modified_time":"2024-08-28T15:54:51+00:00","twitter_card":"summary","twitter_misc":{"Tempo di lettura stimato":"1 minuto"},"schema":{"@context":"https:\/\/schema.org","@graph":[{"@type":"WebPage","@id":"https:\/\/www.sport-jocher.com\/it\/escursionismo\/","url":"https:\/\/www.sport-jocher.com\/it\/escursionismo\/","name":"Scarpe da escursionismo nel negozio di sport a Bressanone","isPartOf":{"@id":"https:\/\/www.sport-jocher.com\/#website"},"datePublished":"2016-12-07T15:13:04+00:00","dateModified":"2024-08-28T15:54:51+00:00","description":"Molto di pi\u00f9 nel negozio di sport: Fit & Fun ha un\u2019ampia offerta di scarpe da escursionismo sportivo in genere. Fit & Fun a Bressanone.","breadcrumb":{"@id":"https:\/\/www.sport-jocher.com\/it\/escursionismo\/#breadcrumb"},"inLanguage":"it-IT","potentialAction":[{"@type":"ReadAction","target":["https:\/\/www.sport-jocher.com\/it\/escursionismo\/"]}]},{"@type":"BreadcrumbList","@id":"https:\/\/www.sport-jocher.com\/it\/escursionismo\/#breadcrumb","itemListElement":[{"@type":"ListItem","position":1,"name":"Startseite","item":"https:\/\/www.sport-jocher.com\/it\/"},{"@type":"ListItem","position":2,"name":"Escursionismo"}]},{"@type":"WebSite","@id":"https:\/\/www.sport-jocher.com\/#website","url":"https:\/\/www.sport-jocher.com\/","name":"Jocher","description":" Ihr Fachgesch\u00e4ft f\u00fcr  Sportausr\u00fcstung, -bekleidung und -zubeh\u00f6r. Direkt auf der Plose an der Talstation der Seilbahn.","potentialAction":[{"@type":"SearchAction","target":{"@type":"EntryPoint","urlTemplate":"https:\/\/www.sport-jocher.com\/?s={search_term_string}"},"query-input":"required name=search_term_string"}],"inLanguage":"it-IT"}]}},"_links":{"self":[{"href":"https:\/\/www.sport-jocher.com\/it\/wp-json\/wp\/v2\/pages\/508\/"}],"collection":[{"href":"https:\/\/www.sport-jocher.com\/it\/wp-json\/wp\/v2\/pages\/"}],"about":[{"href":"https:\/\/www.sport-jocher.com\/it\/wp-json\/wp\/v2\/types\/page\/"}],"author":[{"embeddable":true,"href":"https:\/\/www.sport-jocher.com\/it\/wp-json\/wp\/v2\/users\/1\/"}],"replies":[{"embeddable":true,"href":"https:\/\/www.sport-jocher.com\/it\/wp-json\/wp\/v2\/comments\/?post=508"}],"version-history":[{"count":1,"href":"https:\/\/www.sport-jocher.com\/it\/wp-json\/wp\/v2\/pages\/508\/revisions\/"}],"predecessor-version":[{"id":780,"href":"https:\/\/www.sport-jocher.com\/it\/wp-json\/wp\/v2\/pages\/508\/revisions\/780\/"}],"wp:attachment":[{"href":"https:\/\/www.sport-jocher.com\/it\/wp-json\/wp\/v2\/media\/?parent=508"}],"curies":[{"name":"wp","href":"https:\/\/api.w.org\/{rel}","templated":true}]}}