{"id":549,"date":"2016-12-13T11:47:06","date_gmt":"2016-12-13T10:47:06","guid":{"rendered":"http:\/\/jocher.muwit.net\/it\/anfahrt-kontakt\/"},"modified":"2024-08-28T17:55:11","modified_gmt":"2024-08-28T15:55:11","slug":"contatto","status":"publish","type":"page","link":"https:\/\/www.sport-jocher.com\/it\/contatto\/","title":{"rendered":"Contatto"},"content":{"rendered":"<h1><strong>Contatto<\/strong><\/h1>\n<p>Consulenza top sulla Plose a Alto Adige. Da Intersport Jocher, con la nostra professionalit\u00e0, conduzione familiare e con la nostra vasta offerta siamo a completa disposizione degli sportivi. I nostri dati di contatto.<\/p>\n","protected":false},"excerpt":{"rendered":"<p>Contatto Consulenza top sulla Plose a Alto Adige. Da Intersport Jocher, con la nostra professionalit\u00e0, conduzione familiare e con la nostra vasta offerta siamo a completa<span class=\"excerpt-hellip\"> [\u2026]<\/span><\/p>\n","protected":false},"author":1,"featured_media":0,"parent":0,"menu_order":0,"comment_status":"closed","ping_status":"closed","template":"","meta":{"_mi_skip_tracking":false},"yoast_head":"<!-- This site is optimized with the Yoast SEO plugin v19.6.1 - https:\/\/yoast.com\/wordpress\/plugins\/seo\/ -->\n<title>Intersport Jocher a Alto Adige: consulenza a tutto campo!<\/title>\n<meta name=\"description\" content=\"Intersport Jocher sulla Plose aAlto Adige: la migliore consulenza in estate e inverno. Conduzione familiare e professionalit\u00e0.\" \/>\n<meta name=\"robots\" content=\"index, follow, max-snippet:-1, max-image-preview:large, max-video-preview:-1\" \/>\n<link rel=\"canonical\" href=\"https:\/\/www.sport-jocher.com\/it\/contatto\/\" \/>\n<meta property=\"og:locale\" content=\"it_IT\" \/>\n<meta property=\"og:type\" content=\"article\" \/>\n<meta property=\"og:title\" content=\"Intersport Jocher a Alto Adige: consulenza a tutto campo!\" \/>\n<meta property=\"og:description\" content=\"Intersport Jocher sulla Plose aAlto Adige: la migliore consulenza in estate e inverno. Conduzione familiare e professionalit\u00e0.\" \/>\n<meta property=\"og:url\" content=\"https:\/\/www.sport-jocher.com\/it\/contatto\/\" \/>\n<meta property=\"og:site_name\" content=\"Jocher\" \/>\n<meta property=\"article:publisher\" content=\"https:\/\/www.facebook.com\/intersportplose\/\" \/>\n<meta property=\"article:modified_time\" content=\"2024-08-28T15:55:11+00:00\" \/>\n<meta name=\"twitter:card\" content=\"summary\" \/>\n<meta name=\"twitter:label1\" content=\"Tempo di lettura stimato\" \/>\n\t<meta name=\"twitter:data1\" content=\"1 minuto\" \/>\n<script type=\"application\/ld+json\" class=\"yoast-schema-graph\">{\"@context\":\"https:\/\/schema.org\",\"@graph\":[{\"@type\":\"WebPage\",\"@id\":\"https:\/\/www.sport-jocher.com\/it\/contatto\/\",\"url\":\"https:\/\/www.sport-jocher.com\/it\/contatto\/\",\"name\":\"Intersport Jocher a Alto Adige: consulenza a tutto campo!\",\"isPartOf\":{\"@id\":\"https:\/\/www.sport-jocher.com\/#website\"},\"datePublished\":\"2016-12-13T10:47:06+00:00\",\"dateModified\":\"2024-08-28T15:55:11+00:00\",\"description\":\"Intersport Jocher sulla Plose aAlto Adige: la migliore consulenza in estate e inverno. Conduzione familiare e professionalit\u00e0.\",\"breadcrumb\":{\"@id\":\"https:\/\/www.sport-jocher.com\/it\/contatto\/#breadcrumb\"},\"inLanguage\":\"it-IT\",\"potentialAction\":[{\"@type\":\"ReadAction\",\"target\":[\"https:\/\/www.sport-jocher.com\/it\/contatto\/\"]}]},{\"@type\":\"BreadcrumbList\",\"@id\":\"https:\/\/www.sport-jocher.com\/it\/contatto\/#breadcrumb\",\"itemListElement\":[{\"@type\":\"ListItem\",\"position\":1,\"name\":\"Startseite\",\"item\":\"https:\/\/www.sport-jocher.com\/it\/\"},{\"@type\":\"ListItem\",\"position\":2,\"name\":\"Contatto\"}]},{\"@type\":\"WebSite\",\"@id\":\"https:\/\/www.sport-jocher.com\/#website\",\"url\":\"https:\/\/www.sport-jocher.com\/\",\"name\":\"Jocher\",\"description\":\" Ihr Fachgesch\u00e4ft f\u00fcr  Sportausr\u00fcstung, -bekleidung und -zubeh\u00f6r. Direkt auf der Plose an der Talstation der Seilbahn.\",\"potentialAction\":[{\"@type\":\"SearchAction\",\"target\":{\"@type\":\"EntryPoint\",\"urlTemplate\":\"https:\/\/www.sport-jocher.com\/?s={search_term_string}\"},\"query-input\":\"required name=search_term_string\"}],\"inLanguage\":\"it-IT\"}]}<\/script>\n<!-- \/ Yoast SEO plugin. -->","yoast_head_json":{"title":"Intersport Jocher a Alto Adige: consulenza a tutto campo!","description":"Intersport Jocher sulla Plose aAlto Adige: la migliore consulenza in estate e inverno. Conduzione familiare e professionalit\u00e0.","robots":{"index":"index","follow":"follow","max-snippet":"max-snippet:-1","max-image-preview":"max-image-preview:large","max-video-preview":"max-video-preview:-1"},"canonical":"https:\/\/www.sport-jocher.com\/it\/contatto\/","og_locale":"it_IT","og_type":"article","og_title":"Intersport Jocher a Alto Adige: consulenza a tutto campo!","og_description":"Intersport Jocher sulla Plose aAlto Adige: la migliore consulenza in estate e inverno. Conduzione familiare e professionalit\u00e0.","og_url":"https:\/\/www.sport-jocher.com\/it\/contatto\/","og_site_name":"Jocher","article_publisher":"https:\/\/www.facebook.com\/intersportplose\/","article_modified_time":"2024-08-28T15:55:11+00:00","twitter_card":"summary","twitter_misc":{"Tempo di lettura stimato":"1 minuto"},"schema":{"@context":"https:\/\/schema.org","@graph":[{"@type":"WebPage","@id":"https:\/\/www.sport-jocher.com\/it\/contatto\/","url":"https:\/\/www.sport-jocher.com\/it\/contatto\/","name":"Intersport Jocher a Alto Adige: consulenza a tutto campo!","isPartOf":{"@id":"https:\/\/www.sport-jocher.com\/#website"},"datePublished":"2016-12-13T10:47:06+00:00","dateModified":"2024-08-28T15:55:11+00:00","description":"Intersport Jocher sulla Plose aAlto Adige: la migliore consulenza in estate e inverno. Conduzione familiare e professionalit\u00e0.","breadcrumb":{"@id":"https:\/\/www.sport-jocher.com\/it\/contatto\/#breadcrumb"},"inLanguage":"it-IT","potentialAction":[{"@type":"ReadAction","target":["https:\/\/www.sport-jocher.com\/it\/contatto\/"]}]},{"@type":"BreadcrumbList","@id":"https:\/\/www.sport-jocher.com\/it\/contatto\/#breadcrumb","itemListElement":[{"@type":"ListItem","position":1,"name":"Startseite","item":"https:\/\/www.sport-jocher.com\/it\/"},{"@type":"ListItem","position":2,"name":"Contatto"}]},{"@type":"WebSite","@id":"https:\/\/www.sport-jocher.com\/#website","url":"https:\/\/www.sport-jocher.com\/","name":"Jocher","description":" Ihr Fachgesch\u00e4ft f\u00fcr  Sportausr\u00fcstung, -bekleidung und -zubeh\u00f6r. Direkt auf der Plose an der Talstation der Seilbahn.","potentialAction":[{"@type":"SearchAction","target":{"@type":"EntryPoint","urlTemplate":"https:\/\/www.sport-jocher.com\/?s={search_term_string}"},"query-input":"required name=search_term_string"}],"inLanguage":"it-IT"}]}},"_links":{"self":[{"href":"https:\/\/www.sport-jocher.com\/it\/wp-json\/wp\/v2\/pages\/549\/"}],"collection":[{"href":"https:\/\/www.sport-jocher.com\/it\/wp-json\/wp\/v2\/pages\/"}],"about":[{"href":"https:\/\/www.sport-jocher.com\/it\/wp-json\/wp\/v2\/types\/page\/"}],"author":[{"embeddable":true,"href":"https:\/\/www.sport-jocher.com\/it\/wp-json\/wp\/v2\/users\/1\/"}],"replies":[{"embeddable":true,"href":"https:\/\/www.sport-jocher.com\/it\/wp-json\/wp\/v2\/comments\/?post=549"}],"version-history":[{"count":1,"href":"https:\/\/www.sport-jocher.com\/it\/wp-json\/wp\/v2\/pages\/549\/revisions\/"}],"predecessor-version":[{"id":802,"href":"https:\/\/www.sport-jocher.com\/it\/wp-json\/wp\/v2\/pages\/549\/revisions\/802\/"}],"wp:attachment":[{"href":"https:\/\/www.sport-jocher.com\/it\/wp-json\/wp\/v2\/media\/?parent=549"}],"curies":[{"name":"wp","href":"https:\/\/api.w.org\/{rel}","templated":true}]}}