{"id":563,"date":"2016-12-13T13:58:44","date_gmt":"2016-12-13T12:58:44","guid":{"rendered":"http:\/\/jocher.muwit.net\/it\/unsere-geschaefte\/"},"modified":"2024-08-28T17:59:21","modified_gmt":"2024-08-28T15:59:21","slug":"nostri-negozi","status":"publish","type":"page","link":"https:\/\/www.sport-jocher.com\/it\/nostri-negozi\/","title":{"rendered":"I nostri negozi"},"content":{"rendered":"<h1>I nostri negozi<\/h1>\n<p>Il team del nostro negozio di articoli sportivi Intersport Jocher a Bressanone si distingue per le qualit\u00e0 morali della famiglia Jocher: gentilezza, intesa, professionalit\u00e0 e competenza. I 5 esperti collaboratori di Intersport Jocher si prendono cura dei propri clienti in modo qualificato e grazie alle proprie conoscenze tecniche. Appassionati di sport di tutte le et\u00e0 si sentono a proprio agio ed in buone mani nei nostri negozi.<\/p>\n","protected":false},"excerpt":{"rendered":"<p>I nostri negozi Il team del nostro negozio di articoli sportivi Intersport Jocher a Bressanone si distingue per le qualit\u00e0 morali della famiglia Jocher: gentilezza, intesa,<span class=\"excerpt-hellip\"> [\u2026]<\/span><\/p>\n","protected":false},"author":1,"featured_media":0,"parent":0,"menu_order":0,"comment_status":"closed","ping_status":"closed","template":"","meta":{"_mi_skip_tracking":false},"yoast_head":"<!-- This site is optimized with the Yoast SEO plugin v19.6.1 - https:\/\/yoast.com\/wordpress\/plugins\/seo\/ -->\n<title>Negozi di articoli sportivi per passione.<\/title>\n<meta name=\"description\" content=\"Intersport Jocher Alto Adige. Qualit\u00e0 e professionalit\u00e0 a Bressanone\/Alto Adige.\" \/>\n<meta name=\"robots\" content=\"index, follow, max-snippet:-1, max-image-preview:large, max-video-preview:-1\" \/>\n<link rel=\"canonical\" href=\"https:\/\/www.sport-jocher.com\/it\/nostri-negozi\/\" \/>\n<meta property=\"og:locale\" content=\"it_IT\" \/>\n<meta property=\"og:type\" content=\"article\" \/>\n<meta property=\"og:title\" content=\"Negozi di articoli sportivi per passione.\" \/>\n<meta property=\"og:description\" content=\"Intersport Jocher Alto Adige. Qualit\u00e0 e professionalit\u00e0 a Bressanone\/Alto Adige.\" \/>\n<meta property=\"og:url\" content=\"https:\/\/www.sport-jocher.com\/it\/nostri-negozi\/\" \/>\n<meta property=\"og:site_name\" content=\"Jocher\" \/>\n<meta property=\"article:publisher\" content=\"https:\/\/www.facebook.com\/intersportplose\/\" \/>\n<meta property=\"article:modified_time\" content=\"2024-08-28T15:59:21+00:00\" \/>\n<meta name=\"twitter:card\" content=\"summary\" \/>\n<meta name=\"twitter:label1\" content=\"Tempo di lettura stimato\" \/>\n\t<meta name=\"twitter:data1\" content=\"1 minuto\" \/>\n<script type=\"application\/ld+json\" class=\"yoast-schema-graph\">{\"@context\":\"https:\/\/schema.org\",\"@graph\":[{\"@type\":\"WebPage\",\"@id\":\"https:\/\/www.sport-jocher.com\/it\/nostri-negozi\/\",\"url\":\"https:\/\/www.sport-jocher.com\/it\/nostri-negozi\/\",\"name\":\"Negozi di articoli sportivi per passione.\",\"isPartOf\":{\"@id\":\"https:\/\/www.sport-jocher.com\/#website\"},\"datePublished\":\"2016-12-13T12:58:44+00:00\",\"dateModified\":\"2024-08-28T15:59:21+00:00\",\"description\":\"Intersport Jocher Alto Adige. Qualit\u00e0 e professionalit\u00e0 a Bressanone\/Alto Adige.\",\"breadcrumb\":{\"@id\":\"https:\/\/www.sport-jocher.com\/it\/nostri-negozi\/#breadcrumb\"},\"inLanguage\":\"it-IT\",\"potentialAction\":[{\"@type\":\"ReadAction\",\"target\":[\"https:\/\/www.sport-jocher.com\/it\/nostri-negozi\/\"]}]},{\"@type\":\"BreadcrumbList\",\"@id\":\"https:\/\/www.sport-jocher.com\/it\/nostri-negozi\/#breadcrumb\",\"itemListElement\":[{\"@type\":\"ListItem\",\"position\":1,\"name\":\"Startseite\",\"item\":\"https:\/\/www.sport-jocher.com\/it\/\"},{\"@type\":\"ListItem\",\"position\":2,\"name\":\"I nostri negozi\"}]},{\"@type\":\"WebSite\",\"@id\":\"https:\/\/www.sport-jocher.com\/#website\",\"url\":\"https:\/\/www.sport-jocher.com\/\",\"name\":\"Jocher\",\"description\":\" Ihr Fachgesch\u00e4ft f\u00fcr  Sportausr\u00fcstung, -bekleidung und -zubeh\u00f6r. Direkt auf der Plose an der Talstation der Seilbahn.\",\"potentialAction\":[{\"@type\":\"SearchAction\",\"target\":{\"@type\":\"EntryPoint\",\"urlTemplate\":\"https:\/\/www.sport-jocher.com\/?s={search_term_string}\"},\"query-input\":\"required name=search_term_string\"}],\"inLanguage\":\"it-IT\"}]}<\/script>\n<!-- \/ Yoast SEO plugin. -->","yoast_head_json":{"title":"Negozi di articoli sportivi per passione.","description":"Intersport Jocher Alto Adige. Qualit\u00e0 e professionalit\u00e0 a Bressanone\/Alto Adige.","robots":{"index":"index","follow":"follow","max-snippet":"max-snippet:-1","max-image-preview":"max-image-preview:large","max-video-preview":"max-video-preview:-1"},"canonical":"https:\/\/www.sport-jocher.com\/it\/nostri-negozi\/","og_locale":"it_IT","og_type":"article","og_title":"Negozi di articoli sportivi per passione.","og_description":"Intersport Jocher Alto Adige. Qualit\u00e0 e professionalit\u00e0 a Bressanone\/Alto Adige.","og_url":"https:\/\/www.sport-jocher.com\/it\/nostri-negozi\/","og_site_name":"Jocher","article_publisher":"https:\/\/www.facebook.com\/intersportplose\/","article_modified_time":"2024-08-28T15:59:21+00:00","twitter_card":"summary","twitter_misc":{"Tempo di lettura stimato":"1 minuto"},"schema":{"@context":"https:\/\/schema.org","@graph":[{"@type":"WebPage","@id":"https:\/\/www.sport-jocher.com\/it\/nostri-negozi\/","url":"https:\/\/www.sport-jocher.com\/it\/nostri-negozi\/","name":"Negozi di articoli sportivi per passione.","isPartOf":{"@id":"https:\/\/www.sport-jocher.com\/#website"},"datePublished":"2016-12-13T12:58:44+00:00","dateModified":"2024-08-28T15:59:21+00:00","description":"Intersport Jocher Alto Adige. Qualit\u00e0 e professionalit\u00e0 a Bressanone\/Alto Adige.","breadcrumb":{"@id":"https:\/\/www.sport-jocher.com\/it\/nostri-negozi\/#breadcrumb"},"inLanguage":"it-IT","potentialAction":[{"@type":"ReadAction","target":["https:\/\/www.sport-jocher.com\/it\/nostri-negozi\/"]}]},{"@type":"BreadcrumbList","@id":"https:\/\/www.sport-jocher.com\/it\/nostri-negozi\/#breadcrumb","itemListElement":[{"@type":"ListItem","position":1,"name":"Startseite","item":"https:\/\/www.sport-jocher.com\/it\/"},{"@type":"ListItem","position":2,"name":"I nostri negozi"}]},{"@type":"WebSite","@id":"https:\/\/www.sport-jocher.com\/#website","url":"https:\/\/www.sport-jocher.com\/","name":"Jocher","description":" Ihr Fachgesch\u00e4ft f\u00fcr  Sportausr\u00fcstung, -bekleidung und -zubeh\u00f6r. Direkt auf der Plose an der Talstation der Seilbahn.","potentialAction":[{"@type":"SearchAction","target":{"@type":"EntryPoint","urlTemplate":"https:\/\/www.sport-jocher.com\/?s={search_term_string}"},"query-input":"required name=search_term_string"}],"inLanguage":"it-IT"}]}},"_links":{"self":[{"href":"https:\/\/www.sport-jocher.com\/it\/wp-json\/wp\/v2\/pages\/563\/"}],"collection":[{"href":"https:\/\/www.sport-jocher.com\/it\/wp-json\/wp\/v2\/pages\/"}],"about":[{"href":"https:\/\/www.sport-jocher.com\/it\/wp-json\/wp\/v2\/types\/page\/"}],"author":[{"embeddable":true,"href":"https:\/\/www.sport-jocher.com\/it\/wp-json\/wp\/v2\/users\/1\/"}],"replies":[{"embeddable":true,"href":"https:\/\/www.sport-jocher.com\/it\/wp-json\/wp\/v2\/comments\/?post=563"}],"version-history":[{"count":1,"href":"https:\/\/www.sport-jocher.com\/it\/wp-json\/wp\/v2\/pages\/563\/revisions\/"}],"predecessor-version":[{"id":730,"href":"https:\/\/www.sport-jocher.com\/it\/wp-json\/wp\/v2\/pages\/563\/revisions\/730\/"}],"wp:attachment":[{"href":"https:\/\/www.sport-jocher.com\/it\/wp-json\/wp\/v2\/media\/?parent=563"}],"curies":[{"name":"wp","href":"https:\/\/api.w.org\/{rel}","templated":true}]}}